{"id":164,"date":"2025-09-25T10:38:29","date_gmt":"2025-09-25T07:38:29","guid":{"rendered":"https:\/\/vst25fewp.okuserveri.com\/?page_id=164"},"modified":"2025-09-30T10:35:41","modified_gmt":"2025-09-30T07:35:41","slug":"rvintola","status":"publish","type":"page","link":"https:\/\/vst25fewp.okuserveri.com\/?page_id=164","title":{"rendered":"Rvintola"},"content":{"rendered":"\t\t<div data-elementor-type=\"wp-page\" data-elementor-id=\"164\" class=\"elementor elementor-164\">\n\t\t\t\t<div class=\"elementor-element elementor-element-14a7805 e-flex e-con-boxed e-con e-parent\" data-id=\"14a7805\" data-element_type=\"container\" data-settings=\"{&quot;background_background&quot;:&quot;classic&quot;}\">\n\t\t\t\t\t<div class=\"e-con-inner\">\n\t\t\t\t<div class=\"elementor-element elementor-element-6f3efc8 elementor-widget elementor-widget-heading\" data-id=\"6f3efc8\" data-element_type=\"widget\" data-widget_type=\"heading.default\">\n\t\t\t\t\t<h2 class=\"elementor-heading-title elementor-size-default\">Ravintola Poiju<\/h2>\t\t\t\t<\/div>\n\t\t\t\t\t<\/div>\n\t\t\t\t<\/div>\n\t\t<div class=\"elementor-element elementor-element-6091ef2 e-flex e-con-boxed e-con e-parent\" data-id=\"6091ef2\" data-element_type=\"container\" data-settings=\"{&quot;background_background&quot;:&quot;classic&quot;}\">\n\t\t\t\t\t<div class=\"e-con-inner\">\n\t\t\t\t<div class=\"elementor-element elementor-element-4c53ba1 elementor-widget elementor-widget-text-editor\" data-id=\"4c53ba1\" data-element_type=\"widget\" data-widget_type=\"text-editor.default\">\n\t\t\t\t\t\t\t\t\t<p><em><strong>Ravintola Poijussa<\/strong> juhlimme suomalaista ruokaperinnett\u00e4. Kaikki alkaa laadusta: k\u00e4yt\u00e4mme ainoastaan tuoreita, paikallisista aineksista, joita yhdist\u00e4mme huolella valittuihin, ajattomiin resepteihin. Tulos on annoksia, jotka heijastavat Suomen luonnon aromia ja keitti\u00f6mme l\u00e4mp\u00f6\u00e4 \u2013 aitona, harmonisena ja unohtumattomana. Tarkoituksemme on tarjota vieraillemme kokemus, joka j\u00e4\u00e4 mieleen ja joka kutsuu takaisin.<\/em><\/p>\t\t\t\t\t\t\t\t<\/div>\n\t\t\t\t\t<\/div>\n\t\t\t\t<\/div>\n\t\t<div class=\"elementor-element elementor-element-3a70474 e-flex e-con-boxed e-con e-parent\" data-id=\"3a70474\" data-element_type=\"container\">\n\t\t\t\t\t<div class=\"e-con-inner\">\n\t\t\t\t<div class=\"elementor-element elementor-element-8562336 elementor-widget elementor-widget-spacer\" data-id=\"8562336\" data-element_type=\"widget\" data-widget_type=\"spacer.default\">\n\t\t\t\t\t\t\t<div class=\"elementor-spacer\">\n\t\t\t<div class=\"elementor-spacer-inner\"><\/div>\n\t\t<\/div>\n\t\t\t\t\t\t<\/div>\n\t\t\t\t<div class=\"elementor-element elementor-element-b5e8a16 elementor-widget elementor-widget-heading\" data-id=\"b5e8a16\" data-element_type=\"widget\" data-widget_type=\"heading.default\">\n\t\t\t\t\t<h2 class=\"elementor-heading-title elementor-size-default\">Lis\u00e4\u00e4 otsikkotekstisi t\u00e4h\u00e4n<\/h2>\t\t\t\t<\/div>\n\t\t\t\t\t<\/div>\n\t\t\t\t<\/div>\n\t\t\t\t<\/div>\n\t\t","protected":false},"excerpt":{"rendered":"<p>Ravintola Poiju Ravintola Poijussa juhlimme suomalaista ruokaperinnett\u00e4. Kaikki alkaa laadusta: k\u00e4yt\u00e4mme ainoastaan tuoreita, paikallisista aineksista, joita yhdist\u00e4mme huolella valittuihin, ajattomiin [&hellip;]<\/p>\n","protected":false},"author":1,"featured_media":0,"parent":0,"menu_order":0,"comment_status":"closed","ping_status":"closed","template":"","meta":{"site-sidebar-layout":"no-sidebar","site-content-layout":"","ast-site-content-layout":"full-width-container","site-content-style":"default","site-sidebar-style":"default","ast-global-header-display":"","ast-banner-title-visibility":"","ast-main-header-display":"","ast-hfb-above-header-display":"","ast-hfb-below-header-display":"","ast-hfb-mobile-header-display":"","site-post-title":"","ast-breadcrumbs-content":"","ast-featured-img":"disabled","footer-sml-layout":"","theme-transparent-header-meta":"","adv-header-id-meta":"","stick-header-meta":"","header-above-stick-meta":"","header-main-stick-meta":"","header-below-stick-meta":"","astra-migrate-meta-layouts":"default","ast-page-background-enabled":"default","ast-page-background-meta":{"desktop":{"background-color":"var(--ast-global-color-5)","background-image":"","background-repeat":"repeat","background-position":"center center","background-size":"auto","background-attachment":"scroll","background-type":"","background-media":"","overlay-type":"","overlay-color":"","overlay-opacity":"","overlay-gradient":""},"tablet":{"background-color":"","background-image":"","background-repeat":"repeat","background-position":"center center","background-size":"auto","background-attachment":"scroll","background-type":"","background-media":"","overlay-type":"","overlay-color":"","overlay-opacity":"","overlay-gradient":""},"mobile":{"background-color":"","background-image":"","background-repeat":"repeat","background-position":"center center","background-size":"auto","background-attachment":"scroll","background-type":"","background-media":"","overlay-type":"","overlay-color":"","overlay-opacity":"","overlay-gradient":""}},"ast-content-background-meta":{"desktop":{"background-color":"var(--ast-global-color-4)","background-image":"","background-repeat":"repeat","background-position":"center center","background-size":"auto","background-attachment":"scroll","background-type":"","background-media":"","overlay-type":"","overlay-color":"","overlay-opacity":"","overlay-gradient":""},"tablet":{"background-color":"var(--ast-global-color-4)","background-image":"","background-repeat":"repeat","background-position":"center center","background-size":"auto","background-attachment":"scroll","background-type":"","background-media":"","overlay-type":"","overlay-color":"","overlay-opacity":"","overlay-gradient":""},"mobile":{"background-color":"var(--ast-global-color-4)","background-image":"","background-repeat":"repeat","background-position":"center center","background-size":"auto","background-attachment":"scroll","background-type":"","background-media":"","overlay-type":"","overlay-color":"","overlay-opacity":"","overlay-gradient":""}},"footnotes":""},"class_list":["post-164","page","type-page","status-publish","hentry"],"yoast_head":"<!-- This site is optimized with the Yoast SEO plugin v25.9 - https:\/\/yoast.com\/wordpress\/plugins\/seo\/ -->\n<title>Rvintola - Site Title<\/title>\n<meta name=\"robots\" content=\"index, follow, max-snippet:-1, max-image-preview:large, max-video-preview:-1\" \/>\n<link rel=\"canonical\" href=\"https:\/\/vst25fewp.okuserveri.com\/?page_id=164\" \/>\n<meta property=\"og:locale\" content=\"fi_FI\" \/>\n<meta property=\"og:type\" content=\"article\" \/>\n<meta property=\"og:title\" content=\"Rvintola - Site Title\" \/>\n<meta property=\"og:description\" content=\"Ravintola Poiju Ravintola Poijussa juhlimme suomalaista ruokaperinnett\u00e4. Kaikki alkaa laadusta: k\u00e4yt\u00e4mme ainoastaan tuoreita, paikallisista aineksista, joita yhdist\u00e4mme huolella valittuihin, ajattomiin [&hellip;]\" \/>\n<meta property=\"og:url\" content=\"https:\/\/vst25fewp.okuserveri.com\/?page_id=164\" \/>\n<meta property=\"og:site_name\" content=\"Site Title\" \/>\n<meta property=\"article:modified_time\" content=\"2025-09-30T07:35:41+00:00\" \/>\n<meta name=\"twitter:card\" content=\"summary_large_image\" \/>\n<meta name=\"twitter:label1\" content=\"Arvioitu lukuaika\" \/>\n\t<meta name=\"twitter:data1\" content=\"1 minuutti\" \/>\n<script type=\"application\/ld+json\" class=\"yoast-schema-graph\">{\"@context\":\"https:\/\/schema.org\",\"@graph\":[{\"@type\":\"WebPage\",\"@id\":\"https:\/\/vst25fewp.okuserveri.com\/?page_id=164\",\"url\":\"https:\/\/vst25fewp.okuserveri.com\/?page_id=164\",\"name\":\"Rvintola - Site Title\",\"isPartOf\":{\"@id\":\"https:\/\/vst25fewp.okuserveri.com\/#website\"},\"datePublished\":\"2025-09-25T07:38:29+00:00\",\"dateModified\":\"2025-09-30T07:35:41+00:00\",\"breadcrumb\":{\"@id\":\"https:\/\/vst25fewp.okuserveri.com\/?page_id=164#breadcrumb\"},\"inLanguage\":\"fi\",\"potentialAction\":[{\"@type\":\"ReadAction\",\"target\":[\"https:\/\/vst25fewp.okuserveri.com\/?page_id=164\"]}]},{\"@type\":\"BreadcrumbList\",\"@id\":\"https:\/\/vst25fewp.okuserveri.com\/?page_id=164#breadcrumb\",\"itemListElement\":[{\"@type\":\"ListItem\",\"position\":1,\"name\":\"Etusivu\",\"item\":\"https:\/\/vst25fewp.okuserveri.com\/\"},{\"@type\":\"ListItem\",\"position\":2,\"name\":\"Rvintola\"}]},{\"@type\":\"WebSite\",\"@id\":\"https:\/\/vst25fewp.okuserveri.com\/#website\",\"url\":\"https:\/\/vst25fewp.okuserveri.com\/\",\"name\":\"Site Title\",\"description\":\"\",\"potentialAction\":[{\"@type\":\"SearchAction\",\"target\":{\"@type\":\"EntryPoint\",\"urlTemplate\":\"https:\/\/vst25fewp.okuserveri.com\/?s={search_term_string}\"},\"query-input\":{\"@type\":\"PropertyValueSpecification\",\"valueRequired\":true,\"valueName\":\"search_term_string\"}}],\"inLanguage\":\"fi\"}]}<\/script>\n<!-- \/ Yoast SEO plugin. -->","yoast_head_json":{"title":"Rvintola - Site Title","robots":{"index":"index","follow":"follow","max-snippet":"max-snippet:-1","max-image-preview":"max-image-preview:large","max-video-preview":"max-video-preview:-1"},"canonical":"https:\/\/vst25fewp.okuserveri.com\/?page_id=164","og_locale":"fi_FI","og_type":"article","og_title":"Rvintola - Site Title","og_description":"Ravintola Poiju Ravintola Poijussa juhlimme suomalaista ruokaperinnett\u00e4. Kaikki alkaa laadusta: k\u00e4yt\u00e4mme ainoastaan tuoreita, paikallisista aineksista, joita yhdist\u00e4mme huolella valittuihin, ajattomiin [&hellip;]","og_url":"https:\/\/vst25fewp.okuserveri.com\/?page_id=164","og_site_name":"Site Title","article_modified_time":"2025-09-30T07:35:41+00:00","twitter_card":"summary_large_image","twitter_misc":{"Arvioitu lukuaika":"1 minuutti"},"schema":{"@context":"https:\/\/schema.org","@graph":[{"@type":"WebPage","@id":"https:\/\/vst25fewp.okuserveri.com\/?page_id=164","url":"https:\/\/vst25fewp.okuserveri.com\/?page_id=164","name":"Rvintola - Site Title","isPartOf":{"@id":"https:\/\/vst25fewp.okuserveri.com\/#website"},"datePublished":"2025-09-25T07:38:29+00:00","dateModified":"2025-09-30T07:35:41+00:00","breadcrumb":{"@id":"https:\/\/vst25fewp.okuserveri.com\/?page_id=164#breadcrumb"},"inLanguage":"fi","potentialAction":[{"@type":"ReadAction","target":["https:\/\/vst25fewp.okuserveri.com\/?page_id=164"]}]},{"@type":"BreadcrumbList","@id":"https:\/\/vst25fewp.okuserveri.com\/?page_id=164#breadcrumb","itemListElement":[{"@type":"ListItem","position":1,"name":"Etusivu","item":"https:\/\/vst25fewp.okuserveri.com\/"},{"@type":"ListItem","position":2,"name":"Rvintola"}]},{"@type":"WebSite","@id":"https:\/\/vst25fewp.okuserveri.com\/#website","url":"https:\/\/vst25fewp.okuserveri.com\/","name":"Site Title","description":"","potentialAction":[{"@type":"SearchAction","target":{"@type":"EntryPoint","urlTemplate":"https:\/\/vst25fewp.okuserveri.com\/?s={search_term_string}"},"query-input":{"@type":"PropertyValueSpecification","valueRequired":true,"valueName":"search_term_string"}}],"inLanguage":"fi"}]}},"_links":{"self":[{"href":"https:\/\/vst25fewp.okuserveri.com\/index.php?rest_route=\/wp\/v2\/pages\/164","targetHints":{"allow":["GET"]}}],"collection":[{"href":"https:\/\/vst25fewp.okuserveri.com\/index.php?rest_route=\/wp\/v2\/pages"}],"about":[{"href":"https:\/\/vst25fewp.okuserveri.com\/index.php?rest_route=\/wp\/v2\/types\/page"}],"author":[{"embeddable":true,"href":"https:\/\/vst25fewp.okuserveri.com\/index.php?rest_route=\/wp\/v2\/users\/1"}],"replies":[{"embeddable":true,"href":"https:\/\/vst25fewp.okuserveri.com\/index.php?rest_route=%2Fwp%2Fv2%2Fcomments&post=164"}],"version-history":[{"count":5,"href":"https:\/\/vst25fewp.okuserveri.com\/index.php?rest_route=\/wp\/v2\/pages\/164\/revisions"}],"predecessor-version":[{"id":190,"href":"https:\/\/vst25fewp.okuserveri.com\/index.php?rest_route=\/wp\/v2\/pages\/164\/revisions\/190"}],"wp:attachment":[{"href":"https:\/\/vst25fewp.okuserveri.com\/index.php?rest_route=%2Fwp%2Fv2%2Fmedia&parent=164"}],"curies":[{"name":"wp","href":"https:\/\/api.w.org\/{rel}","templated":true}]}}